{"id":1766,"date":"2023-10-01T20:43:49","date_gmt":"2023-10-01T20:43:49","guid":{"rendered":"https:\/\/premio.p1teambuilding.com\/home\/"},"modified":"2024-09-03T09:00:30","modified_gmt":"2024-09-03T09:00:30","slug":"home","status":"publish","type":"page","link":"https:\/\/premiosonaeeducacao.pt\/en\/","title":{"rendered":"Home"},"content":{"rendered":"<div class=\"boldgrid-section\">\n<div class=\"container\">\n<div class=\"row\">\n<div class=\"col-lg-12 col-md-12 col-xs-12 col-sm-12\">\n<p class=\"\">&nbsp;<\/p>\n<\/div>\n<\/div>\n<\/div>\n<\/div>\n","protected":false},"excerpt":{"rendered":"<p>&nbsp;<\/p>\n","protected":false},"author":1,"featured_media":1726,"parent":0,"menu_order":0,"comment_status":"closed","ping_status":"closed","template":"","meta":{"_acf_changed":false,"inline_featured_image":false,"footnotes":""},"class_list":["post-1766","page","type-page","status-publish","has-post-thumbnail","hentry"],"acf":[],"yoast_head":"<!-- This site is optimized with the Yoast SEO plugin v27.3 - https:\/\/yoast.com\/product\/yoast-seo-wordpress\/ -->\n<title>Home - Pr\u00e9mio Sonae Educa\u00e7\u00e3o<\/title>\n<meta name=\"robots\" content=\"index, follow, max-snippet:-1, max-image-preview:large, max-video-preview:-1\" \/>\n<link rel=\"canonical\" href=\"https:\/\/premiosonaeeducacao.pt\/en\/\" \/>\n<meta property=\"og:locale\" content=\"en_US\" \/>\n<meta property=\"og:type\" content=\"article\" \/>\n<meta property=\"og:title\" content=\"Home - Pr\u00e9mio Sonae Educa\u00e7\u00e3o\" \/>\n<meta property=\"og:description\" content=\"&nbsp;\" \/>\n<meta property=\"og:url\" content=\"https:\/\/premiosonaeeducacao.pt\/en\/\" \/>\n<meta property=\"og:site_name\" content=\"Pr\u00e9mio Sonae Educa\u00e7\u00e3o\" \/>\n<meta property=\"article:modified_time\" content=\"2024-09-03T09:00:30+00:00\" \/>\n<meta property=\"og:image\" content=\"https:\/\/premiosonaeeducacao.pt\/wp-content\/uploads\/2024\/04\/premio_sonae_educacao_linkedin-1-1024x456.png\" \/>\n<meta name=\"twitter:card\" content=\"summary_large_image\" \/>\n<meta name=\"twitter:image\" content=\"https:\/\/premiosonaeeducacao.pt\/wp-content\/uploads\/2024\/04\/premio_sonae_educacao_linkedin-1-1024x456.png\" \/>\n<meta name=\"twitter:label1\" content=\"Est. reading time\" \/>\n\t<meta name=\"twitter:data1\" content=\"1 minute\" \/>\n<script type=\"application\/ld+json\" class=\"yoast-schema-graph\">{\"@context\":\"https:\\\/\\\/schema.org\",\"@graph\":[{\"@type\":\"WebPage\",\"@id\":\"https:\\\/\\\/premiosonaeeducacao.pt\\\/en\\\/\",\"url\":\"https:\\\/\\\/premiosonaeeducacao.pt\\\/en\\\/\",\"name\":\"Home - Pr\u00e9mio Sonae Educa\u00e7\u00e3o\",\"isPartOf\":{\"@id\":\"https:\\\/\\\/premiosonaeeducacao.pt\\\/en\\\/#website\"},\"primaryImageOfPage\":{\"@id\":\"https:\\\/\\\/premiosonaeeducacao.pt\\\/en\\\/#primaryimage\"},\"image\":{\"@id\":\"https:\\\/\\\/premiosonaeeducacao.pt\\\/en\\\/#primaryimage\"},\"thumbnailUrl\":\"https:\\\/\\\/premiosonaeeducacao.pt\\\/wp-content\\\/uploads\\\/2023\\\/11\\\/banner-sonaeforall-premio-sonaeducacao-mobile_2.jpg\",\"datePublished\":\"2023-10-01T20:43:49+00:00\",\"dateModified\":\"2024-09-03T09:00:30+00:00\",\"breadcrumb\":{\"@id\":\"https:\\\/\\\/premiosonaeeducacao.pt\\\/en\\\/#breadcrumb\"},\"inLanguage\":\"en-US\",\"potentialAction\":[{\"@type\":\"ReadAction\",\"target\":[\"https:\\\/\\\/premiosonaeeducacao.pt\\\/en\\\/\"]}]},{\"@type\":\"ImageObject\",\"inLanguage\":\"en-US\",\"@id\":\"https:\\\/\\\/premiosonaeeducacao.pt\\\/en\\\/#primaryimage\",\"url\":\"https:\\\/\\\/premiosonaeeducacao.pt\\\/wp-content\\\/uploads\\\/2023\\\/11\\\/banner-sonaeforall-premio-sonaeducacao-mobile_2.jpg\",\"contentUrl\":\"https:\\\/\\\/premiosonaeeducacao.pt\\\/wp-content\\\/uploads\\\/2023\\\/11\\\/banner-sonaeforall-premio-sonaeducacao-mobile_2.jpg\",\"width\":600,\"height\":500},{\"@type\":\"BreadcrumbList\",\"@id\":\"https:\\\/\\\/premiosonaeeducacao.pt\\\/en\\\/#breadcrumb\",\"itemListElement\":[{\"@type\":\"ListItem\",\"position\":1,\"name\":\"Home\",\"item\":\"https:\\\/\\\/premiosonaeeducacao.pt\\\/en\\\/\"},{\"@type\":\"ListItem\",\"position\":2,\"name\":\"Home\"}]},{\"@type\":\"WebSite\",\"@id\":\"https:\\\/\\\/premiosonaeeducacao.pt\\\/en\\\/#website\",\"url\":\"https:\\\/\\\/premiosonaeeducacao.pt\\\/en\\\/\",\"name\":\"Pr\u00e9mio Sonae Educa\u00e7\u00e3o\",\"description\":\"Com o compromisso de criar um amanh\u00e3 melhor, a Sonae lan\u00e7ou o Pr\u00e9mio Sonae Educa\u00e7\u00e3o. Uma iniciativa que pretende premiar projetos inovadores e inclusivos que melhorem o acesso e a qualidade da educa\u00e7\u00e3o em todas as fases do ciclo de aprendizagem.\",\"publisher\":{\"@id\":\"https:\\\/\\\/premiosonaeeducacao.pt\\\/en\\\/#organization\"},\"alternateName\":\"Pr\u00e9mio Sonae Educa\u00e7\u00e3o\",\"potentialAction\":[{\"@type\":\"SearchAction\",\"target\":{\"@type\":\"EntryPoint\",\"urlTemplate\":\"https:\\\/\\\/premiosonaeeducacao.pt\\\/en\\\/?s={search_term_string}\"},\"query-input\":{\"@type\":\"PropertyValueSpecification\",\"valueRequired\":true,\"valueName\":\"search_term_string\"}}],\"inLanguage\":\"en-US\"},{\"@type\":\"Organization\",\"@id\":\"https:\\\/\\\/premiosonaeeducacao.pt\\\/en\\\/#organization\",\"name\":\"Sonae\",\"url\":\"https:\\\/\\\/premiosonaeeducacao.pt\\\/en\\\/\",\"logo\":{\"@type\":\"ImageObject\",\"inLanguage\":\"en-US\",\"@id\":\"https:\\\/\\\/premiosonaeeducacao.pt\\\/en\\\/#\\\/schema\\\/logo\\\/image\\\/\",\"url\":\"https:\\\/\\\/premiosonaeeducacao.pt\\\/wp-content\\\/uploads\\\/2025\\\/12\\\/LOGO_AZUL_.png\",\"contentUrl\":\"https:\\\/\\\/premiosonaeeducacao.pt\\\/wp-content\\\/uploads\\\/2025\\\/12\\\/LOGO_AZUL_.png\",\"width\":150,\"height\":65,\"caption\":\"Sonae\"},\"image\":{\"@id\":\"https:\\\/\\\/premiosonaeeducacao.pt\\\/en\\\/#\\\/schema\\\/logo\\\/image\\\/\"},\"sameAs\":[\"https:\\\/\\\/www.linkedin.com\\\/company\\\/sonae\\\/\"]}]}<\/script>\n<!-- \/ Yoast SEO plugin. -->","yoast_head_json":{"title":"Home - Pr\u00e9mio Sonae Educa\u00e7\u00e3o","robots":{"index":"index","follow":"follow","max-snippet":"max-snippet:-1","max-image-preview":"max-image-preview:large","max-video-preview":"max-video-preview:-1"},"canonical":"https:\/\/premiosonaeeducacao.pt\/en\/","og_locale":"en_US","og_type":"article","og_title":"Home - Pr\u00e9mio Sonae Educa\u00e7\u00e3o","og_description":"&nbsp;","og_url":"https:\/\/premiosonaeeducacao.pt\/en\/","og_site_name":"Pr\u00e9mio Sonae Educa\u00e7\u00e3o","article_modified_time":"2024-09-03T09:00:30+00:00","og_image":[{"url":"https:\/\/premiosonaeeducacao.pt\/wp-content\/uploads\/2024\/04\/premio_sonae_educacao_linkedin-1-1024x456.png","type":"","width":"","height":""}],"twitter_card":"summary_large_image","twitter_image":"https:\/\/premiosonaeeducacao.pt\/wp-content\/uploads\/2024\/04\/premio_sonae_educacao_linkedin-1-1024x456.png","twitter_misc":{"Est. reading time":"1 minute"},"schema":{"@context":"https:\/\/schema.org","@graph":[{"@type":"WebPage","@id":"https:\/\/premiosonaeeducacao.pt\/en\/","url":"https:\/\/premiosonaeeducacao.pt\/en\/","name":"Home - Pr\u00e9mio Sonae Educa\u00e7\u00e3o","isPartOf":{"@id":"https:\/\/premiosonaeeducacao.pt\/en\/#website"},"primaryImageOfPage":{"@id":"https:\/\/premiosonaeeducacao.pt\/en\/#primaryimage"},"image":{"@id":"https:\/\/premiosonaeeducacao.pt\/en\/#primaryimage"},"thumbnailUrl":"https:\/\/premiosonaeeducacao.pt\/wp-content\/uploads\/2023\/11\/banner-sonaeforall-premio-sonaeducacao-mobile_2.jpg","datePublished":"2023-10-01T20:43:49+00:00","dateModified":"2024-09-03T09:00:30+00:00","breadcrumb":{"@id":"https:\/\/premiosonaeeducacao.pt\/en\/#breadcrumb"},"inLanguage":"en-US","potentialAction":[{"@type":"ReadAction","target":["https:\/\/premiosonaeeducacao.pt\/en\/"]}]},{"@type":"ImageObject","inLanguage":"en-US","@id":"https:\/\/premiosonaeeducacao.pt\/en\/#primaryimage","url":"https:\/\/premiosonaeeducacao.pt\/wp-content\/uploads\/2023\/11\/banner-sonaeforall-premio-sonaeducacao-mobile_2.jpg","contentUrl":"https:\/\/premiosonaeeducacao.pt\/wp-content\/uploads\/2023\/11\/banner-sonaeforall-premio-sonaeducacao-mobile_2.jpg","width":600,"height":500},{"@type":"BreadcrumbList","@id":"https:\/\/premiosonaeeducacao.pt\/en\/#breadcrumb","itemListElement":[{"@type":"ListItem","position":1,"name":"Home","item":"https:\/\/premiosonaeeducacao.pt\/en\/"},{"@type":"ListItem","position":2,"name":"Home"}]},{"@type":"WebSite","@id":"https:\/\/premiosonaeeducacao.pt\/en\/#website","url":"https:\/\/premiosonaeeducacao.pt\/en\/","name":"Pr\u00e9mio Sonae Educa\u00e7\u00e3o","description":"Com o compromisso de criar um amanh\u00e3 melhor, a Sonae lan\u00e7ou o Pr\u00e9mio Sonae Educa\u00e7\u00e3o. Uma iniciativa que pretende premiar projetos inovadores e inclusivos que melhorem o acesso e a qualidade da educa\u00e7\u00e3o em todas as fases do ciclo de aprendizagem.","publisher":{"@id":"https:\/\/premiosonaeeducacao.pt\/en\/#organization"},"alternateName":"Pr\u00e9mio Sonae Educa\u00e7\u00e3o","potentialAction":[{"@type":"SearchAction","target":{"@type":"EntryPoint","urlTemplate":"https:\/\/premiosonaeeducacao.pt\/en\/?s={search_term_string}"},"query-input":{"@type":"PropertyValueSpecification","valueRequired":true,"valueName":"search_term_string"}}],"inLanguage":"en-US"},{"@type":"Organization","@id":"https:\/\/premiosonaeeducacao.pt\/en\/#organization","name":"Sonae","url":"https:\/\/premiosonaeeducacao.pt\/en\/","logo":{"@type":"ImageObject","inLanguage":"en-US","@id":"https:\/\/premiosonaeeducacao.pt\/en\/#\/schema\/logo\/image\/","url":"https:\/\/premiosonaeeducacao.pt\/wp-content\/uploads\/2025\/12\/LOGO_AZUL_.png","contentUrl":"https:\/\/premiosonaeeducacao.pt\/wp-content\/uploads\/2025\/12\/LOGO_AZUL_.png","width":150,"height":65,"caption":"Sonae"},"image":{"@id":"https:\/\/premiosonaeeducacao.pt\/en\/#\/schema\/logo\/image\/"},"sameAs":["https:\/\/www.linkedin.com\/company\/sonae\/"]}]}},"_links":{"self":[{"href":"https:\/\/premiosonaeeducacao.pt\/en\/wp-json\/wp\/v2\/pages\/1766","targetHints":{"allow":["GET"]}}],"collection":[{"href":"https:\/\/premiosonaeeducacao.pt\/en\/wp-json\/wp\/v2\/pages"}],"about":[{"href":"https:\/\/premiosonaeeducacao.pt\/en\/wp-json\/wp\/v2\/types\/page"}],"author":[{"embeddable":true,"href":"https:\/\/premiosonaeeducacao.pt\/en\/wp-json\/wp\/v2\/users\/1"}],"replies":[{"embeddable":true,"href":"https:\/\/premiosonaeeducacao.pt\/en\/wp-json\/wp\/v2\/comments?post=1766"}],"version-history":[{"count":35,"href":"https:\/\/premiosonaeeducacao.pt\/en\/wp-json\/wp\/v2\/pages\/1766\/revisions"}],"predecessor-version":[{"id":2907,"href":"https:\/\/premiosonaeeducacao.pt\/en\/wp-json\/wp\/v2\/pages\/1766\/revisions\/2907"}],"wp:featuredmedia":[{"embeddable":true,"href":"https:\/\/premiosonaeeducacao.pt\/en\/wp-json\/wp\/v2\/media\/1726"}],"wp:attachment":[{"href":"https:\/\/premiosonaeeducacao.pt\/en\/wp-json\/wp\/v2\/media?parent=1766"}],"curies":[{"name":"wp","href":"https:\/\/api.w.org\/{rel}","templated":true}]}}