{"id":2561,"date":"2023-10-01T20:43:49","date_gmt":"2023-10-01T20:43:49","guid":{"rendered":"https:\/\/premiosonaeeducacao.pt\/edition-2023\/"},"modified":"2024-04-23T19:12:10","modified_gmt":"2024-04-23T19:12:10","slug":"edition-2023","status":"publish","type":"page","link":"https:\/\/premiosonaeeducacao.pt\/en\/edition-2023\/","title":{"rendered":"Edition 2023"},"content":{"rendered":"<div class=\"boldgrid-section\">\n<div class=\"container\">\n<div class=\"row\">\n<div class=\"col-lg-12 col-md-12 col-xs-12 col-sm-12\">\n<p>&nbsp;<\/p>\n<\/div>\n<\/div>\n<\/div>\n<\/div>\n","protected":false},"excerpt":{"rendered":"<p>&nbsp;<\/p>\n","protected":false},"author":1,"featured_media":2731,"parent":0,"menu_order":0,"comment_status":"closed","ping_status":"closed","template":"","meta":{"_acf_changed":false,"inline_featured_image":false,"footnotes":""},"class_list":["post-2561","page","type-page","status-publish","has-post-thumbnail","hentry"],"acf":[],"yoast_head":"<!-- This site is optimized with the Yoast SEO plugin v27.3 - https:\/\/yoast.com\/product\/yoast-seo-wordpress\/ -->\n<title>Edition 2023 - Pr\u00e9mio Sonae Educa\u00e7\u00e3o<\/title>\n<meta name=\"robots\" content=\"index, follow, max-snippet:-1, max-image-preview:large, max-video-preview:-1\" \/>\n<link rel=\"canonical\" href=\"https:\/\/premiosonaeeducacao.pt\/en\/edition-2023\/\" \/>\n<meta property=\"og:locale\" content=\"en_US\" \/>\n<meta property=\"og:type\" content=\"article\" \/>\n<meta property=\"og:title\" content=\"Edition 2023 - Pr\u00e9mio Sonae Educa\u00e7\u00e3o\" \/>\n<meta property=\"og:description\" content=\"&nbsp;\" \/>\n<meta property=\"og:url\" content=\"https:\/\/premiosonaeeducacao.pt\/en\/edition-2023\/\" \/>\n<meta property=\"og:site_name\" content=\"Pr\u00e9mio Sonae Educa\u00e7\u00e3o\" \/>\n<meta property=\"article:modified_time\" content=\"2024-04-23T19:12:10+00:00\" \/>\n<meta property=\"og:image\" content=\"https:\/\/premiosonaeeducacao.pt\/wp-content\/uploads\/2024\/04\/premio_sonae_educacao_linkedin-1.png\" \/>\n\t<meta property=\"og:image:width\" content=\"1500\" \/>\n\t<meta property=\"og:image:height\" content=\"668\" \/>\n\t<meta property=\"og:image:type\" content=\"image\/png\" \/>\n<meta name=\"twitter:card\" content=\"summary_large_image\" \/>\n<script type=\"application\/ld+json\" class=\"yoast-schema-graph\">{\"@context\":\"https:\\\/\\\/schema.org\",\"@graph\":[{\"@type\":\"WebPage\",\"@id\":\"https:\\\/\\\/premiosonaeeducacao.pt\\\/en\\\/edition-2023\\\/\",\"url\":\"https:\\\/\\\/premiosonaeeducacao.pt\\\/en\\\/edition-2023\\\/\",\"name\":\"Edition 2023 - Pr\u00e9mio Sonae Educa\u00e7\u00e3o\",\"isPartOf\":{\"@id\":\"https:\\\/\\\/premiosonaeeducacao.pt\\\/en\\\/#website\"},\"primaryImageOfPage\":{\"@id\":\"https:\\\/\\\/premiosonaeeducacao.pt\\\/en\\\/edition-2023\\\/#primaryimage\"},\"image\":{\"@id\":\"https:\\\/\\\/premiosonaeeducacao.pt\\\/en\\\/edition-2023\\\/#primaryimage\"},\"thumbnailUrl\":\"https:\\\/\\\/premiosonaeeducacao.pt\\\/wp-content\\\/uploads\\\/slider4\\\/NoCode1-scaled.jpeg\",\"datePublished\":\"2023-10-01T20:43:49+00:00\",\"dateModified\":\"2024-04-23T19:12:10+00:00\",\"breadcrumb\":{\"@id\":\"https:\\\/\\\/premiosonaeeducacao.pt\\\/en\\\/edition-2023\\\/#breadcrumb\"},\"inLanguage\":\"en-US\",\"potentialAction\":[{\"@type\":\"ReadAction\",\"target\":[\"https:\\\/\\\/premiosonaeeducacao.pt\\\/en\\\/edition-2023\\\/\"]}]},{\"@type\":\"ImageObject\",\"inLanguage\":\"en-US\",\"@id\":\"https:\\\/\\\/premiosonaeeducacao.pt\\\/en\\\/edition-2023\\\/#primaryimage\",\"url\":\"https:\\\/\\\/premiosonaeeducacao.pt\\\/wp-content\\\/uploads\\\/slider4\\\/NoCode1-scaled.jpeg\",\"contentUrl\":\"https:\\\/\\\/premiosonaeeducacao.pt\\\/wp-content\\\/uploads\\\/slider4\\\/NoCode1-scaled.jpeg\",\"width\":2560,\"height\":1708},{\"@type\":\"BreadcrumbList\",\"@id\":\"https:\\\/\\\/premiosonaeeducacao.pt\\\/en\\\/edition-2023\\\/#breadcrumb\",\"itemListElement\":[{\"@type\":\"ListItem\",\"position\":1,\"name\":\"Home\",\"item\":\"https:\\\/\\\/premiosonaeeducacao.pt\\\/en\\\/\"},{\"@type\":\"ListItem\",\"position\":2,\"name\":\"Edition 2023\"}]},{\"@type\":\"WebSite\",\"@id\":\"https:\\\/\\\/premiosonaeeducacao.pt\\\/en\\\/#website\",\"url\":\"https:\\\/\\\/premiosonaeeducacao.pt\\\/en\\\/\",\"name\":\"Pr\u00e9mio Sonae Educa\u00e7\u00e3o\",\"description\":\"Com o compromisso de criar um amanh\u00e3 melhor, a Sonae lan\u00e7ou o Pr\u00e9mio Sonae Educa\u00e7\u00e3o. Uma iniciativa que pretende premiar projetos inovadores e inclusivos que melhorem o acesso e a qualidade da educa\u00e7\u00e3o em todas as fases do ciclo de aprendizagem.\",\"publisher\":{\"@id\":\"https:\\\/\\\/premiosonaeeducacao.pt\\\/en\\\/#organization\"},\"alternateName\":\"Pr\u00e9mio Sonae Educa\u00e7\u00e3o\",\"potentialAction\":[{\"@type\":\"SearchAction\",\"target\":{\"@type\":\"EntryPoint\",\"urlTemplate\":\"https:\\\/\\\/premiosonaeeducacao.pt\\\/en\\\/?s={search_term_string}\"},\"query-input\":{\"@type\":\"PropertyValueSpecification\",\"valueRequired\":true,\"valueName\":\"search_term_string\"}}],\"inLanguage\":\"en-US\"},{\"@type\":\"Organization\",\"@id\":\"https:\\\/\\\/premiosonaeeducacao.pt\\\/en\\\/#organization\",\"name\":\"Sonae\",\"url\":\"https:\\\/\\\/premiosonaeeducacao.pt\\\/en\\\/\",\"logo\":{\"@type\":\"ImageObject\",\"inLanguage\":\"en-US\",\"@id\":\"https:\\\/\\\/premiosonaeeducacao.pt\\\/en\\\/#\\\/schema\\\/logo\\\/image\\\/\",\"url\":\"https:\\\/\\\/premiosonaeeducacao.pt\\\/wp-content\\\/uploads\\\/2025\\\/12\\\/LOGO_AZUL_.png\",\"contentUrl\":\"https:\\\/\\\/premiosonaeeducacao.pt\\\/wp-content\\\/uploads\\\/2025\\\/12\\\/LOGO_AZUL_.png\",\"width\":150,\"height\":65,\"caption\":\"Sonae\"},\"image\":{\"@id\":\"https:\\\/\\\/premiosonaeeducacao.pt\\\/en\\\/#\\\/schema\\\/logo\\\/image\\\/\"},\"sameAs\":[\"https:\\\/\\\/www.linkedin.com\\\/company\\\/sonae\\\/\"]}]}<\/script>\n<!-- \/ Yoast SEO plugin. -->","yoast_head_json":{"title":"Edition 2023 - Pr\u00e9mio Sonae Educa\u00e7\u00e3o","robots":{"index":"index","follow":"follow","max-snippet":"max-snippet:-1","max-image-preview":"max-image-preview:large","max-video-preview":"max-video-preview:-1"},"canonical":"https:\/\/premiosonaeeducacao.pt\/en\/edition-2023\/","og_locale":"en_US","og_type":"article","og_title":"Edition 2023 - Pr\u00e9mio Sonae Educa\u00e7\u00e3o","og_description":"&nbsp;","og_url":"https:\/\/premiosonaeeducacao.pt\/en\/edition-2023\/","og_site_name":"Pr\u00e9mio Sonae Educa\u00e7\u00e3o","article_modified_time":"2024-04-23T19:12:10+00:00","og_image":[{"width":1500,"height":668,"url":"https:\/\/premiosonaeeducacao.pt\/wp-content\/uploads\/2024\/04\/premio_sonae_educacao_linkedin-1.png","type":"image\/png"}],"twitter_card":"summary_large_image","schema":{"@context":"https:\/\/schema.org","@graph":[{"@type":"WebPage","@id":"https:\/\/premiosonaeeducacao.pt\/en\/edition-2023\/","url":"https:\/\/premiosonaeeducacao.pt\/en\/edition-2023\/","name":"Edition 2023 - Pr\u00e9mio Sonae Educa\u00e7\u00e3o","isPartOf":{"@id":"https:\/\/premiosonaeeducacao.pt\/en\/#website"},"primaryImageOfPage":{"@id":"https:\/\/premiosonaeeducacao.pt\/en\/edition-2023\/#primaryimage"},"image":{"@id":"https:\/\/premiosonaeeducacao.pt\/en\/edition-2023\/#primaryimage"},"thumbnailUrl":"https:\/\/premiosonaeeducacao.pt\/wp-content\/uploads\/slider4\/NoCode1-scaled.jpeg","datePublished":"2023-10-01T20:43:49+00:00","dateModified":"2024-04-23T19:12:10+00:00","breadcrumb":{"@id":"https:\/\/premiosonaeeducacao.pt\/en\/edition-2023\/#breadcrumb"},"inLanguage":"en-US","potentialAction":[{"@type":"ReadAction","target":["https:\/\/premiosonaeeducacao.pt\/en\/edition-2023\/"]}]},{"@type":"ImageObject","inLanguage":"en-US","@id":"https:\/\/premiosonaeeducacao.pt\/en\/edition-2023\/#primaryimage","url":"https:\/\/premiosonaeeducacao.pt\/wp-content\/uploads\/slider4\/NoCode1-scaled.jpeg","contentUrl":"https:\/\/premiosonaeeducacao.pt\/wp-content\/uploads\/slider4\/NoCode1-scaled.jpeg","width":2560,"height":1708},{"@type":"BreadcrumbList","@id":"https:\/\/premiosonaeeducacao.pt\/en\/edition-2023\/#breadcrumb","itemListElement":[{"@type":"ListItem","position":1,"name":"Home","item":"https:\/\/premiosonaeeducacao.pt\/en\/"},{"@type":"ListItem","position":2,"name":"Edition 2023"}]},{"@type":"WebSite","@id":"https:\/\/premiosonaeeducacao.pt\/en\/#website","url":"https:\/\/premiosonaeeducacao.pt\/en\/","name":"Pr\u00e9mio Sonae Educa\u00e7\u00e3o","description":"Com o compromisso de criar um amanh\u00e3 melhor, a Sonae lan\u00e7ou o Pr\u00e9mio Sonae Educa\u00e7\u00e3o. Uma iniciativa que pretende premiar projetos inovadores e inclusivos que melhorem o acesso e a qualidade da educa\u00e7\u00e3o em todas as fases do ciclo de aprendizagem.","publisher":{"@id":"https:\/\/premiosonaeeducacao.pt\/en\/#organization"},"alternateName":"Pr\u00e9mio Sonae Educa\u00e7\u00e3o","potentialAction":[{"@type":"SearchAction","target":{"@type":"EntryPoint","urlTemplate":"https:\/\/premiosonaeeducacao.pt\/en\/?s={search_term_string}"},"query-input":{"@type":"PropertyValueSpecification","valueRequired":true,"valueName":"search_term_string"}}],"inLanguage":"en-US"},{"@type":"Organization","@id":"https:\/\/premiosonaeeducacao.pt\/en\/#organization","name":"Sonae","url":"https:\/\/premiosonaeeducacao.pt\/en\/","logo":{"@type":"ImageObject","inLanguage":"en-US","@id":"https:\/\/premiosonaeeducacao.pt\/en\/#\/schema\/logo\/image\/","url":"https:\/\/premiosonaeeducacao.pt\/wp-content\/uploads\/2025\/12\/LOGO_AZUL_.png","contentUrl":"https:\/\/premiosonaeeducacao.pt\/wp-content\/uploads\/2025\/12\/LOGO_AZUL_.png","width":150,"height":65,"caption":"Sonae"},"image":{"@id":"https:\/\/premiosonaeeducacao.pt\/en\/#\/schema\/logo\/image\/"},"sameAs":["https:\/\/www.linkedin.com\/company\/sonae\/"]}]}},"_links":{"self":[{"href":"https:\/\/premiosonaeeducacao.pt\/en\/wp-json\/wp\/v2\/pages\/2561","targetHints":{"allow":["GET"]}}],"collection":[{"href":"https:\/\/premiosonaeeducacao.pt\/en\/wp-json\/wp\/v2\/pages"}],"about":[{"href":"https:\/\/premiosonaeeducacao.pt\/en\/wp-json\/wp\/v2\/types\/page"}],"author":[{"embeddable":true,"href":"https:\/\/premiosonaeeducacao.pt\/en\/wp-json\/wp\/v2\/users\/1"}],"replies":[{"embeddable":true,"href":"https:\/\/premiosonaeeducacao.pt\/en\/wp-json\/wp\/v2\/comments?post=2561"}],"version-history":[{"count":1,"href":"https:\/\/premiosonaeeducacao.pt\/en\/wp-json\/wp\/v2\/pages\/2561\/revisions"}],"predecessor-version":[{"id":2564,"href":"https:\/\/premiosonaeeducacao.pt\/en\/wp-json\/wp\/v2\/pages\/2561\/revisions\/2564"}],"wp:featuredmedia":[{"embeddable":true,"href":"https:\/\/premiosonaeeducacao.pt\/en\/wp-json\/wp\/v2\/media\/2731"}],"wp:attachment":[{"href":"https:\/\/premiosonaeeducacao.pt\/en\/wp-json\/wp\/v2\/media?parent=2561"}],"curies":[{"name":"wp","href":"https:\/\/api.w.org\/{rel}","templated":true}]}}